{"id":2,"date":"2019-10-17T15:53:39","date_gmt":"2019-10-17T13:53:39","guid":{"rendered":"http:\/\/from.hr\/petraposedelsimovic\/?page_id=2"},"modified":"2025-04-30T14:34:32","modified_gmt":"2025-04-30T12:34:32","slug":"primjer-stranice","status":"publish","type":"page","link":"http:\/\/petraposedelsimovic.from.hr\/?page_id=2","title":{"rendered":"Publications"},"content":{"rendered":"<p>&nbsp;<\/p>\n<ol>\n<li>(with F. Hubalek), <a href=\"https:\/\/www.mathos.unios.hr\/mc\/index.php\/mc\/article\/view\/5284\">Asymptotic analysis for an optimal estimating function for Barndorff-Nielsen Shephard stochastic volatility models<\/a>, <em>Mathematical Communications, <\/em>30 (1), 2025<\/li>\n<li>(with D. Dekovi\u0107), <a href=\"https:\/\/www.sciencedirect.com\/science\/article\/abs\/pii\/S0167739X25000391?via%3Dihub\">Hierarchical Risk Parity: Efficient Implementation<\/a><br \/>\nand Real World Analysis,&nbsp; <em>Future Generation Computer<\/em><br \/>\n<em>Systems<\/em>, <span class=\"anchor-text-container\"><span class=\"anchor-text\">167<\/span><\/span>, 107744, 2025<\/li>\n<li>(with&nbsp;Claire Y. T. Chen and Edward W. Sun), <a href=\"https:\/\/doi.org\/10.1007\/s10614-022-10275-1\">Classifying the Variety of Customers\u2019 Online Engagement for Churn Prediction with a Mixed-Penalty Logistic Regression<\/a>, <i>Comput Econ<\/i> (2022), https:\/\/doi.org\/10.1007\/s10614-022-10275-1<\/li>\n<li>(with B. Ga\u0161perov, S. Begu\u0161i\u0107 and Z. Kostanj\u010dar), <a href=\"https:\/\/www.mdpi.com\/2227-7390\/9\/21\/2689\/htm\">Reinforcement Learning Approaches to Optimal Market Making<\/a>,&nbsp;<em>Mathematics, <\/em>2021<em>,&nbsp;<\/em>9(21);<em>&nbsp;<\/em>2689<\/li>\n<li>(with A. Tafro),&nbsp;<a href=\"https:\/\/www.mdpi.com\/2227-7390\/9\/17\/2038\">Pricing the Volatility Risk Premium with a Discrete Stochastic Volatility Model<\/a>, <em>Mathematics, <\/em>2021<em>,&nbsp;<\/em>9(17);<em>&nbsp;<\/em>2038<\/li>\n<li>(with P. Pali\u0107 and M. Vizek),&nbsp;<a class=\"dhtgD aw5Odc\" href=\"http:\/\/www.google.com\/url?q=http%3A%2F%2Fhrcak.srce.hr%2Findex.php%3Fshow%3Dclanak%26id_clanak_jezik%3D272129&amp;sa=D&amp;sntz=1&amp;usg=AFQjCNFijyzroHQ-Cxa5T-fe3IO2GnhKag\" target=\"_blank\" rel=\"noopener\">The Determinants of Country Risk Premium Volatility: Evidence from a Panel VAR Model<\/a>,&nbsp;<em>Croatian Economic Survey<\/em>, 2017, 19(1); 37\u201366<\/li>\n<li>(with B. Posedel),&nbsp;<a class=\"dhtgD aw5Odc\" href=\"http:\/\/www.google.com\/url?q=http%3A%2F%2Fbhkcigre.ba%2FDocuments%2F2016%2FDec%2FElektrotehnika_10.pdf&amp;sa=D&amp;sntz=1&amp;usg=AFQjCNHFvRpv7aLp-1uFhdoOGD6K-oMGyA\" target=\"_blank\" rel=\"noopener\">Tehno-ekonomska kompenzacija jalove snage distributivnih transformatora SN\/NN<\/a>&nbsp;(Techno-economic Reactive Power Compensation of MV\/LV Distribution Transformers),&nbsp;<em>Bosanskohercegova\u010dka elektrotehnika, <\/em>2016<em>,&nbsp;<\/em>10; 21-27<\/li>\n<li>(with M. Tkalec, M. Vizek and J. Lee),&nbsp;<a class=\"dhtgD aw5Odc\" href=\"https:\/\/www.google.com\/url?q=https%3A%2F%2Fwww.sciencedirect.com%2Fscience%2Farticle%2Fabs%2Fpii%2FS0927539815001358&amp;sa=D&amp;sntz=1&amp;usg=AFQjCNFRul80dzv5p8qabwUvBaeDHU4L6w\" target=\"_blank\" rel=\"noopener\">Time-Varying Integration of the Sovereign Bond Markets In European Post-transition Economies<\/a>,&nbsp;<em>Journal of Empirical Finance<\/em>, 2016, 36; 30\u201340<\/li>\n<li>(with M. Njavro and M. Vizek),&nbsp;<a class=\"dhtgD aw5Odc\" href=\"https:\/\/www.google.com\/url?q=https%3A%2F%2Fwww.vse.cz%2Fpep%2F560&amp;sa=D&amp;sntz=1&amp;usg=AFQjCNHy0MnhgDmkksshxl4rStfEl3LjOA\" target=\"_blank\" rel=\"noopener\">Regime Switching Behaviour of Real Estate and Equity Prices in Emerging Countries<\/a>,&nbsp;<em>Prague Economic Papers<\/em>, 2016, 25 (4); 396-410<\/li>\n<li>(with M. Tkalec and M. Vizek),&nbsp;<a class=\"dhtgD aw5Odc\" href=\"http:\/\/www.google.com\/url?q=http%3A%2F%2Fwww.eel.my100megs.com%2Fvolume-13-number-10.htm&amp;sa=D&amp;sntz=1&amp;usg=AFQjCNF_lx44Q3iQdMLLQp1yj3OCQOUFwQ\" target=\"_blank\" rel=\"noopener\">Are there nonlinearities in the interaction of equity and real estate markets<\/a>?,&nbsp;<em>The Empirical Economics Letters, <\/em>2014<em>,&nbsp;<\/em>13(10); 333-351<\/li>\n<li>(with D. Brborovic)&nbsp;<a class=\"dhtgD aw5Odc\" href=\"http:\/\/www.google.com\/url?q=http%3A%2F%2Fwww.scirp.org%2Fjournal%2FPaperInformation.aspx%3FPaperID%3D51265%23.VNoQg53F-uk&amp;sa=D&amp;sntz=1&amp;usg=AFQjCNFWabVs7Ij7BaJ1o4bp0RTbm0zckg\" target=\"_blank\" rel=\"noopener\">The Relation between Performance and Flows of Mutual Funds: Case of the Croatian Fund Market<\/a>,&nbsp;<em>Applied Mathematics, <\/em>2014<em>,&nbsp;<\/em>5; 3067-3078<\/li>\n<li>(with F. Hubalek):&nbsp;<a class=\"dhtgD aw5Odc\" href=\"https:\/\/www.google.com\/url?q=https%3A%2F%2Fweb.math.pmf.unizg.hr%2Fglasnik%2Fvol_48%2Fno1_15.html&amp;sa=D&amp;sntz=1&amp;usg=AFQjCNE_L0kK37ppI2Br0aLwocHw2wwhQg\" target=\"_blank\" rel=\"noopener\">Asymptotic analysis and explicit estimation of a class of stochastic volatility models with jumps using the martingale estimating function approach<\/a>,&nbsp;<em>Glasnik Matematicki<\/em>, 2013, 48 (1); 185-210<\/li>\n<li>(with M. Primorac): <a href=\"https:\/\/hrcak.srce.hr\/file\/143738\">Modelling local government unit credit risk in the Republic of Croatia<\/a>,&nbsp;<em>Financial Theory and Practice<\/em>, 2012, 36(4); 330-354<\/li>\n<li>(with M. Vizek): <a href=\"https:\/\/econpapers.repec.org\/article\/faufauart\/v_3a61_3ay_3a2011_3ai_3a6_3ap_3a584-600.htm\">Are House Prices Characterized by Threshold Effects? Evidence from Developed and Post-Transition Countries<\/a>,&nbsp;<em>Czech Journal of Economics and Finance<\/em>, 2011, 61(6); 584-600.<\/li>\n<li>(with F. Hubalek):&nbsp;<a class=\"dhtgD aw5Odc\" href=\"https:\/\/www.google.com\/url?q=https%3A%2F%2Fwww.tandfonline.com%2Fdoi%2Fabs%2F10.1080%2F14697680903547907&amp;sa=D&amp;sntz=1&amp;usg=AFQjCNGRdTV9hrTLpc25-kAkV9HT_wK8WA\" target=\"_blank\" rel=\"noopener\">Joint analysis and estimation of stock prices and trading volume in Barndorff-Nielsen and Shephard stochastic volatility models,<\/a>&nbsp;<em>Quantitative Finance <\/em>2011<em>,&nbsp;<\/em>11(6); 917-932<\/li>\n<li>Martingale Central Limit Theorem. In: Lovric M. (eds)&nbsp;<a class=\"dhtgD aw5Odc\" href=\"https:\/\/www.google.com\/url?q=https%3A%2F%2Fdoi.org%2F10.1007%2F978-3-642-04898-2_351&amp;sa=D&amp;sntz=1&amp;usg=AFQjCNEzTACSRKpOezN6u6n1vc-Q0Sv4qg\" target=\"_blank\" rel=\"noopener\"><em>International Encyclopedia of Statistical Science<\/em><\/a>, Springer, Berlin, Heidelberg , 2011; 777-779<\/li>\n<li id=\"h.p__7kxmUInBlEZ\" class=\"TYR86d zfr3Q\">(with B. J. Christensen): <a href=\"https:\/\/pure.au.dk\/portal\/files\/21764422\/rp10_50.pdf\">The risk-return tradeoff and leverage effect in a stochastic volatility-in-mean model<\/a>, CREATES Research Paper 2010-50, 2010, School of Economics and Management, Aarhus University<\/li>\n<li>(with D. Benakovi\u0107):&nbsp;<a class=\"dhtgD aw5Odc\" href=\"https:\/\/www.google.com\/url?q=https%3A%2F%2Fwww.degruyter.com%2Fview%2Fj%2Fbsrj.2010.1.issue-1-2%2Fv10305-012-0023-z%2Fv10305-012-0023-z.xml&amp;sa=D&amp;sntz=1&amp;usg=AFQjCNFiMt9EhSTO7FHKr2CLQ29YNAXGjQ\" target=\"_blank\" rel=\"noopener\">Do macroeconomic factors matter for stock returns? Evidence from estimating a multifactor model on the Croatian market<\/a>,&nbsp;<em>Business Systems Research<\/em>, 2010, 1(1-2); 39-46<\/li>\n<li>(with M. Vizek):&nbsp;<a class=\"dhtgD aw5Odc\" href=\"https:\/\/www.google.com\/url?q=https%3A%2F%2Fwww.tandfonline.com%2Fdoi%2Fabs%2F10.1080%2F14631370903090640&amp;sa=D&amp;sntz=1&amp;usg=AFQjCNGGnlBYJ5tV9e6NKm8pmcGZMI3Yew\" target=\"_blank\" rel=\"noopener\">House Price Determinants in Transition and EU-15 Countries<\/a>,&nbsp;<em>Post-Communist Economies<\/em>, 2009, 21(3); 327-343<\/li>\n<li>(with J. Tica): <a href=\"https:\/\/www.tandfonline.com\/doi\/abs\/10.2753\/EEE0012-8775470603\">Threshold Model of the Exchange Rate Pass-through Effect: The Case of Croatia<\/a>,&nbsp;<em>Eastern European Economics<\/em>, 2009, 47(6); 43-59<\/li>\n<li>(with M. Peji\u0107 Bach i A. Stojanovi\u0107): Determinante profitabilnosti banaka u Hrvatskoj, (in Croatian),&nbsp;<em>Zbornik Ekonomskog fakulteta u Zagrebu<\/em>, 2009, 1; 81-92<\/li>\n<li>(with F. Hubalek):&nbsp;<a class=\"dhtgD aw5Odc\" href=\"http:\/\/www.google.com\/url?q=http%3A%2F%2Fwww.imf.au.dk%2Fcgi-bin%2Fviewers%2Fviewpublications.cgi%3Fid%3D641&amp;sa=D&amp;sntz=1&amp;usg=AFQjCNGL3yDhEM-JSvc_kL1Nlqlo2s57_w\" target=\"_blank\" rel=\"noopener\">Asymptotic analysis for a simple explicit estimator in Barndorff-Nielsen and Shephard stochastic volatility models<\/a>, Thiele Research Report 2007-05, 2007.<\/li>\n<li><a href=\"https:\/\/hrcak.srce.hr\/10517\">Analysis of the Exchange Rate and Pricing Foreign Currency Options on the Croatian Market: the NGARCH Model as an Alternative to the Black-Scholes Model<\/a>,&nbsp;<em>Financial Theory and Practice<\/em>, 4\/2006; 345-367<\/li>\n<li><a href=\"http:\/\/mrvar.fdv.uni-lj.si\/pub\/mz\/mz2.1\/posedel.pdf\">Properties and Estimation of GARCH(1,1) Model<\/a>,&nbsp;<em>Metodolo\u0161ki zvezki-Advances in Methodology and Statistics<\/em>, 2005, 2(2); 243-257<\/li>\n<\/ol>\n<p id=\"h.p_VXkTQ9yFBlEV\" class=\"zfr3Q\"><strong>Preprints:<\/strong><\/p>\n<ol class=\"n8H08c BKnRcf\">\n<li id=\"h.p_wYQ0tn8CBlEY\" class=\"TYR86d zfr3Q\">(with P. Pali\u0107 and M. Vizek): The Determinants of Country&#8217;s Risk Premium Volatility: Evidence from Panel VAR Model, 2015, EIZ-WP-1505<\/li>\n<li id=\"h.p_TJKiVC_TBlEY\" class=\"TYR86d zfr3Q\">(with M. Tkalec and M. Vizek): Time\u2010varying integration in European post\u2010transition sovereign bond market, 2015, EIZ-WP-1501<\/li>\n<li id=\"h.p_1YeeXZL1BlEZ\" class=\"TYR86d zfr3Q\">(with M. Vizek): The nonlinear house price adjustment process in developed and transition countries, 2010, EIZ-WP-1001<\/li>\n<\/ol>\n","protected":false},"excerpt":{"rendered":"<p>&nbsp; (with F. Hubalek), Asymptotic analysis for an optimal estimating function for Barndorff-Nielsen Shephard stochastic volatility models, Mathematical Communications, 30 (1), 2025 (with D. Dekovi\u0107), Hierarchical Risk Parity: Efficient Implementation and Real World Analysis,&nbsp; Future Generation Computer Systems, 167, 107744, 2025 (with&nbsp;Claire Y. T. Chen and Edward W. Sun), Classifying the Variety of Customers\u2019 Online [&hellip;]<\/p>\n","protected":false},"author":3331,"featured_media":0,"parent":0,"menu_order":0,"comment_status":"closed","ping_status":"open","template":"","meta":{"ngg_post_thumbnail":0},"yoast_head":"<!-- This site is optimized with the Yoast SEO plugin v17.5 - https:\/\/yoast.com\/wordpress\/plugins\/seo\/ -->\n<title>Publications - Petra Posedel \u0160imovi\u0107<\/title>\n<meta name=\"robots\" content=\"index, follow, max-snippet:-1, max-image-preview:large, max-video-preview:-1\" \/>\n<link rel=\"canonical\" href=\"http:\/\/petraposedelsimovic.from.hr\/?page_id=2\" \/>\n<meta property=\"og:locale\" content=\"en_US\" \/>\n<meta property=\"og:type\" content=\"article\" \/>\n<meta property=\"og:title\" content=\"Publications - Petra Posedel \u0160imovi\u0107\" \/>\n<meta property=\"og:description\" content=\"&nbsp; (with F. Hubalek), Asymptotic analysis for an optimal estimating function for Barndorff-Nielsen Shephard stochastic volatility models, Mathematical Communications, 30 (1), 2025 (with D. Dekovi\u0107), Hierarchical Risk Parity: Efficient Implementation and Real World Analysis,&nbsp; Future Generation Computer Systems, 167, 107744, 2025 (with&nbsp;Claire Y. T. Chen and Edward W. Sun), Classifying the Variety of Customers\u2019 Online [&hellip;]\" \/>\n<meta property=\"og:url\" content=\"http:\/\/petraposedelsimovic.from.hr\/?page_id=2\" \/>\n<meta property=\"og:site_name\" content=\"Petra Posedel \u0160imovi\u0107\" \/>\n<meta property=\"article:modified_time\" content=\"2025-04-30T12:34:32+00:00\" \/>\n<meta name=\"twitter:card\" content=\"summary\" \/>\n<meta name=\"twitter:label1\" content=\"Est. reading time\" \/>\n\t<meta name=\"twitter:data1\" content=\"3 minutes\" \/>\n<script type=\"application\/ld+json\" class=\"yoast-schema-graph\">{\"@context\":\"https:\/\/schema.org\",\"@graph\":[{\"@type\":\"WebSite\",\"@id\":\"http:\/\/petraposedelsimovic.from.hr\/#website\",\"url\":\"http:\/\/petraposedelsimovic.from.hr\/\",\"name\":\"Petra Posedel \\u0160imovi\\u0107\",\"description\":\"\",\"potentialAction\":[{\"@type\":\"SearchAction\",\"target\":{\"@type\":\"EntryPoint\",\"urlTemplate\":\"http:\/\/petraposedelsimovic.from.hr\/?s={search_term_string}\"},\"query-input\":\"required name=search_term_string\"}],\"inLanguage\":\"en-US\"},{\"@type\":\"WebPage\",\"@id\":\"http:\/\/petraposedelsimovic.from.hr\/?page_id=2#webpage\",\"url\":\"http:\/\/petraposedelsimovic.from.hr\/?page_id=2\",\"name\":\"Publications - Petra Posedel \\u0160imovi\\u0107\",\"isPartOf\":{\"@id\":\"http:\/\/petraposedelsimovic.from.hr\/#website\"},\"datePublished\":\"2019-10-17T13:53:39+00:00\",\"dateModified\":\"2025-04-30T12:34:32+00:00\",\"breadcrumb\":{\"@id\":\"http:\/\/petraposedelsimovic.from.hr\/?page_id=2#breadcrumb\"},\"inLanguage\":\"en-US\",\"potentialAction\":[{\"@type\":\"ReadAction\",\"target\":[\"http:\/\/petraposedelsimovic.from.hr\/?page_id=2\"]}]},{\"@type\":\"BreadcrumbList\",\"@id\":\"http:\/\/petraposedelsimovic.from.hr\/?page_id=2#breadcrumb\",\"itemListElement\":[{\"@type\":\"ListItem\",\"position\":1,\"name\":\"Home\",\"item\":\"http:\/\/petraposedelsimovic.from.hr\/\"},{\"@type\":\"ListItem\",\"position\":2,\"name\":\"Publications\"}]}]}<\/script>\n<!-- \/ Yoast SEO plugin. -->","yoast_head_json":{"title":"Publications - Petra Posedel \u0160imovi\u0107","robots":{"index":"index","follow":"follow","max-snippet":"max-snippet:-1","max-image-preview":"max-image-preview:large","max-video-preview":"max-video-preview:-1"},"canonical":"http:\/\/petraposedelsimovic.from.hr\/?page_id=2","og_locale":"en_US","og_type":"article","og_title":"Publications - Petra Posedel \u0160imovi\u0107","og_description":"&nbsp; (with F. Hubalek), Asymptotic analysis for an optimal estimating function for Barndorff-Nielsen Shephard stochastic volatility models, Mathematical Communications, 30 (1), 2025 (with D. Dekovi\u0107), Hierarchical Risk Parity: Efficient Implementation and Real World Analysis,&nbsp; Future Generation Computer Systems, 167, 107744, 2025 (with&nbsp;Claire Y. T. Chen and Edward W. Sun), Classifying the Variety of Customers\u2019 Online [&hellip;]","og_url":"http:\/\/petraposedelsimovic.from.hr\/?page_id=2","og_site_name":"Petra Posedel \u0160imovi\u0107","article_modified_time":"2025-04-30T12:34:32+00:00","twitter_card":"summary","twitter_misc":{"Est. reading time":"3 minutes"},"schema":{"@context":"https:\/\/schema.org","@graph":[{"@type":"WebSite","@id":"http:\/\/petraposedelsimovic.from.hr\/#website","url":"http:\/\/petraposedelsimovic.from.hr\/","name":"Petra Posedel \u0160imovi\u0107","description":"","potentialAction":[{"@type":"SearchAction","target":{"@type":"EntryPoint","urlTemplate":"http:\/\/petraposedelsimovic.from.hr\/?s={search_term_string}"},"query-input":"required name=search_term_string"}],"inLanguage":"en-US"},{"@type":"WebPage","@id":"http:\/\/petraposedelsimovic.from.hr\/?page_id=2#webpage","url":"http:\/\/petraposedelsimovic.from.hr\/?page_id=2","name":"Publications - Petra Posedel \u0160imovi\u0107","isPartOf":{"@id":"http:\/\/petraposedelsimovic.from.hr\/#website"},"datePublished":"2019-10-17T13:53:39+00:00","dateModified":"2025-04-30T12:34:32+00:00","breadcrumb":{"@id":"http:\/\/petraposedelsimovic.from.hr\/?page_id=2#breadcrumb"},"inLanguage":"en-US","potentialAction":[{"@type":"ReadAction","target":["http:\/\/petraposedelsimovic.from.hr\/?page_id=2"]}]},{"@type":"BreadcrumbList","@id":"http:\/\/petraposedelsimovic.from.hr\/?page_id=2#breadcrumb","itemListElement":[{"@type":"ListItem","position":1,"name":"Home","item":"http:\/\/petraposedelsimovic.from.hr\/"},{"@type":"ListItem","position":2,"name":"Publications"}]}]}},"_links":{"self":[{"href":"http:\/\/petraposedelsimovic.from.hr\/index.php?rest_route=\/wp\/v2\/pages\/2"}],"collection":[{"href":"http:\/\/petraposedelsimovic.from.hr\/index.php?rest_route=\/wp\/v2\/pages"}],"about":[{"href":"http:\/\/petraposedelsimovic.from.hr\/index.php?rest_route=\/wp\/v2\/types\/page"}],"author":[{"embeddable":true,"href":"http:\/\/petraposedelsimovic.from.hr\/index.php?rest_route=\/wp\/v2\/users\/3331"}],"replies":[{"embeddable":true,"href":"http:\/\/petraposedelsimovic.from.hr\/index.php?rest_route=%2Fwp%2Fv2%2Fcomments&post=2"}],"version-history":[{"count":20,"href":"http:\/\/petraposedelsimovic.from.hr\/index.php?rest_route=\/wp\/v2\/pages\/2\/revisions"}],"predecessor-version":[{"id":273,"href":"http:\/\/petraposedelsimovic.from.hr\/index.php?rest_route=\/wp\/v2\/pages\/2\/revisions\/273"}],"wp:attachment":[{"href":"http:\/\/petraposedelsimovic.from.hr\/index.php?rest_route=%2Fwp%2Fv2%2Fmedia&parent=2"}],"curies":[{"name":"wp","href":"https:\/\/api.w.org\/{rel}","templated":true}]}}