{"id":163,"date":"2020-02-24T13:12:51","date_gmt":"2020-02-24T12:12:51","guid":{"rendered":"http:\/\/from.hr\/petraposedelsimovic\/?page_id=163"},"modified":"2024-06-17T13:40:45","modified_gmt":"2024-06-17T11:40:45","slug":"media","status":"publish","type":"page","link":"http:\/\/petraposedelsimovic.from.hr\/?page_id=163","title":{"rendered":"Media"},"content":{"rendered":"<p style=\"text-align: right\"><strong><img loading=\"lazy\" class=\"size-medium wp-image-256 alignnone\" src=\"http:\/\/petraposedelsimovic.from.hr\/files\/2023\/05\/1681114807-Screenshot_3-750x457-1-300x183.png\" alt=\"\" width=\"300\" height=\"183\" srcset=\"http:\/\/petraposedelsimovic.from.hr\/files\/2023\/05\/1681114807-Screenshot_3-750x457-1-300x183.png 300w, http:\/\/petraposedelsimovic.from.hr\/files\/2023\/05\/1681114807-Screenshot_3-750x457-1-36x22.png 36w, http:\/\/petraposedelsimovic.from.hr\/files\/2023\/05\/1681114807-Screenshot_3-750x457-1.png 750w\" sizes=\"(max-width: 300px) 100vw, 300px\" \/><img loading=\"lazy\" class=\" wp-image-166 alignnone alignleft\" src=\"http:\/\/petraposedelsimovic.from.hr\/files\/2020\/02\/HRT3_1_2020-300x169.jpg\" alt=\"\" width=\"240\" height=\"135\" srcset=\"http:\/\/petraposedelsimovic.from.hr\/files\/2020\/02\/HRT3_1_2020-300x169.jpg 300w, http:\/\/petraposedelsimovic.from.hr\/files\/2020\/02\/HRT3_1_2020-768x432.jpg 768w, http:\/\/petraposedelsimovic.from.hr\/files\/2020\/02\/HRT3_1_2020-1024x576.jpg 1024w, http:\/\/petraposedelsimovic.from.hr\/files\/2020\/02\/HRT3_1_2020-39x22.jpg 39w, http:\/\/petraposedelsimovic.from.hr\/files\/2020\/02\/HRT3_1_2020.jpg 1334w\" sizes=\"(max-width: 240px) 100vw, 240px\" \/><\/strong><img loading=\"lazy\" class=\"wp-image-253 aligncenter\" src=\"http:\/\/petraposedelsimovic.from.hr\/files\/2023\/04\/N1_na_ploci_2023-300x225.jpg\" alt=\"\" width=\"300\" height=\"225\" srcset=\"http:\/\/petraposedelsimovic.from.hr\/files\/2023\/04\/N1_na_ploci_2023-300x225.jpg 300w, http:\/\/petraposedelsimovic.from.hr\/files\/2023\/04\/N1_na_ploci_2023-1024x768.jpg 1024w, http:\/\/petraposedelsimovic.from.hr\/files\/2023\/04\/N1_na_ploci_2023-768x576.jpg 768w, http:\/\/petraposedelsimovic.from.hr\/files\/2023\/04\/N1_na_ploci_2023-1536x1152.jpg 1536w, http:\/\/petraposedelsimovic.from.hr\/files\/2023\/04\/N1_na_ploci_2023-29x22.jpg 29w, http:\/\/petraposedelsimovic.from.hr\/files\/2023\/04\/N1_na_ploci_2023.jpg 2016w\" sizes=\"(max-width: 300px) 100vw, 300px\" \/><strong><img loading=\"lazy\" class=\"wp-image-164 alignright\" src=\"http:\/\/petraposedelsimovic.from.hr\/files\/2020\/02\/U_mrezi_prvog_2018-300x169.jpg\" alt=\"\" width=\"272\" height=\"153\" srcset=\"http:\/\/petraposedelsimovic.from.hr\/files\/2020\/02\/U_mrezi_prvog_2018-300x169.jpg 300w, http:\/\/petraposedelsimovic.from.hr\/files\/2020\/02\/U_mrezi_prvog_2018-39x22.jpg 39w, http:\/\/petraposedelsimovic.from.hr\/files\/2020\/02\/U_mrezi_prvog_2018.jpg 688w\" sizes=\"(max-width: 272px) 100vw, 272px\" \/><\/strong>&nbsp; &nbsp; &nbsp; &nbsp; &nbsp; <img loading=\"lazy\" class=\"aligncenter wp-image-257\" src=\"http:\/\/petraposedelsimovic.from.hr\/files\/2023\/05\/N1_obv.png\" alt=\"\" width=\"287\" height=\"171\" srcset=\"http:\/\/petraposedelsimovic.from.hr\/files\/2023\/05\/N1_obv.png 217w, http:\/\/petraposedelsimovic.from.hr\/files\/2023\/05\/N1_obv-37x22.png 37w\" sizes=\"(max-width: 287px) 100vw, 287px\" \/><\/p>\n<p>&nbsp;<\/p>\n<p style=\"text-align: right\">&nbsp; &nbsp; &nbsp; &nbsp; &nbsp; &nbsp; &nbsp; &nbsp; &nbsp; &nbsp; &nbsp; &nbsp; &nbsp; &nbsp; &nbsp; &nbsp; &nbsp; &nbsp; &nbsp; &nbsp; &nbsp; &nbsp; &nbsp; &nbsp; &nbsp; &nbsp; &nbsp; &nbsp; &nbsp; &nbsp; <img loading=\"lazy\" class=\"wp-image-192 alignleft\" src=\"http:\/\/petraposedelsimovic.from.hr\/files\/2020\/02\/P_i_D_studio_2020-1-e1582719075103-300x137.jpg\" alt=\"\" width=\"265\" height=\"121\" srcset=\"http:\/\/petraposedelsimovic.from.hr\/files\/2020\/02\/P_i_D_studio_2020-1-e1582719075103-300x137.jpg 300w, http:\/\/petraposedelsimovic.from.hr\/files\/2020\/02\/P_i_D_studio_2020-1-e1582719075103-768x351.jpg 768w, http:\/\/petraposedelsimovic.from.hr\/files\/2020\/02\/P_i_D_studio_2020-1-e1582719075103-48x22.jpg 48w, http:\/\/petraposedelsimovic.from.hr\/files\/2020\/02\/P_i_D_studio_2020-1-e1582719075103.jpg 1018w\" sizes=\"(max-width: 265px) 100vw, 265px\" \/> <img loading=\"lazy\" class=\"wp-image-167 alignright\" src=\"http:\/\/petraposedelsimovic.from.hr\/files\/2020\/02\/N1_IMG_0801_2020-300x169.jpg\" alt=\"\" width=\"230\" height=\"129\" srcset=\"http:\/\/petraposedelsimovic.from.hr\/files\/2020\/02\/N1_IMG_0801_2020-300x169.jpg 300w, http:\/\/petraposedelsimovic.from.hr\/files\/2020\/02\/N1_IMG_0801_2020-768x432.jpg 768w, http:\/\/petraposedelsimovic.from.hr\/files\/2020\/02\/N1_IMG_0801_2020-1024x576.jpg 1024w, http:\/\/petraposedelsimovic.from.hr\/files\/2020\/02\/N1_IMG_0801_2020-39x22.jpg 39w, http:\/\/petraposedelsimovic.from.hr\/files\/2020\/02\/N1_IMG_0801_2020.jpg 1334w\" sizes=\"(max-width: 230px) 100vw, 230px\" \/>&nbsp; &nbsp; &nbsp; &nbsp; &nbsp; &nbsp; &nbsp; &nbsp;&nbsp;<\/p>\n<p style=\"text-align: center\">&nbsp;<\/p>\n<h2>&nbsp;<\/h2>\n<h2 style=\"text-align: left\">Television and Radio&nbsp; &nbsp; &nbsp;<\/h2>\n<p>&nbsp;<\/p>\n<p><a href=\"https:\/\/www.facebook.com\/100051205010453\/videos\/toni-milun-i-njegova-go%C5%A1%C4%87a-petra-posedel-%C5%A1imovi%C4%87-upoznali-su-nas-s-trezorskim-za\/3774188349466586\/\"><strong>Kod nas doma HRT<\/strong><\/a> &#8211; <strong>HTV1, November 2023,<\/strong> (Trezorski zapisi)<\/p>\n<p><strong><a href=\"https:\/\/n1info.hr\/vijesti\/studiranje-u-vrijeme-rata-hrvatica-otkrila-kako-poducavaju-studente-iz-ukrajine\/\">Novi dan<\/a> <span id=\"ember2017\" class=\"ember-view\">&nbsp;&#8211;&nbsp;<\/span><\/strong><strong>TV N1 \/ CNN exclusive news channel affiliate, April 10, 2023<\/strong>, (Studiranje u vrijeme rata: Hrvatica otkrila kako podu\u010davaju studente iz Ukrajine)<\/p>\n<p><strong><a href=\"https:\/\/n1info.hr\/video\/n1-info\/isplati-li-se-uloziti-u-narodne-obveznice-drzava-jamci-najvecu-sigurnost\/\">N1Info<\/a> <span id=\"ember2017\" class=\"ember-view\">&nbsp;&#8211;&nbsp;<\/span><\/strong><strong>TV N1 \/ CNN exclusive news channel affiliate, February 20, 2023<\/strong>, (Isplati li se ulo\u017eiti u narodne obveznice? &#8221;Dr\u017eava jam\u010di najve\u0107u sigurnost&#8221;)<\/p>\n<p><strong><a href=\"https:\/\/youtu.be\/iWca013oe58\"><span id=\"ember1633\" class=\"ember-view\">Tre\u0107i element HRT<\/span><\/a><span id=\"ember1641\" class=\"ember-view\">&#8211; HTV3, January 29, 2020&nbsp;&nbsp;<\/span><\/strong>(S7E17 &#8211; Inquiro, inquirere)<\/p>\n<p><span id=\"ember2029\" class=\"hashtag-a11y ember-view\" dir=\"ltr\"><span class=\"hashtag-a11y__name\"><a href=\"https:\/\/www.youtube.com\/watch?v=3ngrmdr8Jhg&amp;feature=emb_title\"><strong>Newsroom&nbsp;<span id=\"ember2017\" class=\"ember-view\">&nbsp;&#8211;&nbsp;<\/span><\/strong><\/a><strong>TV N1 \/ CNN exclusive news channel affiliate<\/strong>, <strong>January 3, 2020&nbsp;<\/strong><\/span><\/span>(Izborna matematika &#8211; koliko glasova i gdje je potrebno osvojiti da se postane predsjednik)<\/p>\n<p><a href=\"http:\/\/hr.n1info.com\/Video\/Info\/a469839\/Glavni-kandidati-zanemarili-utjecaj-Zagreba-jedino-ga-je-Skoro-iskoristio.html\"><strong>Newsroom&nbsp;<span id=\"ember2017\" class=\"ember-view\">&nbsp;&#8211;&nbsp;<\/span><\/strong><\/a><strong>TV N1 \/ CNN exclusive news channel affiliate,&nbsp;December 20, 2019<\/strong>, (Glavni kandidati zanemarili utjecaj Zagreba, jedino ga je \u0160koro iskoristio)<\/p>\n<p><a href=\"https:\/\/vijesti.hrt.hr\/424458\/damir-grbavac-mirovinski-fondovi-su-svojim-clanovima-zaradili-36-milijardi-kuna\"><strong>U mre\u017ei prvog HRT4, January 11, 2018&nbsp;<\/strong><\/a>(\u0160to treba mijenjati u mirovinskom sustavu? Ho\u0107e li najavljena mirovinska reforma i\u0107i prema pove\u0107anju ulaganja u drugi mirovinski stup? Mogu li \u010dlanovi mirovinskih fondova biti zadovoljni kako se upravlja njihovim novcem?)<\/p>\n<h2 class=\"title style-scope ytd-video-primary-info-renderer\" style=\"text-align: right\">&nbsp;<\/h2>\n","protected":false},"excerpt":{"rendered":"<p>&nbsp; &nbsp; &nbsp; &nbsp; &nbsp; &nbsp; &nbsp; &nbsp; &nbsp; &nbsp; &nbsp; &nbsp; &nbsp; &nbsp; &nbsp; &nbsp; &nbsp; &nbsp; &nbsp; &nbsp; &nbsp; &nbsp; &nbsp; &nbsp; &nbsp; &nbsp; &nbsp; &nbsp; &nbsp; &nbsp; &nbsp; &nbsp; &nbsp; &nbsp; &nbsp; &nbsp; &nbsp; &nbsp; &nbsp; &nbsp; &nbsp; &nbsp; &nbsp; &nbsp;&nbsp; &nbsp; &nbsp; Television and Radio&nbsp; &nbsp; &nbsp; &nbsp; Kod nas doma [&hellip;]<\/p>\n","protected":false},"author":3331,"featured_media":192,"parent":0,"menu_order":0,"comment_status":"closed","ping_status":"closed","template":"","meta":{"ngg_post_thumbnail":0},"yoast_head":"<!-- This site is optimized with the Yoast SEO plugin v17.5 - https:\/\/yoast.com\/wordpress\/plugins\/seo\/ -->\n<title>Media - Petra Posedel \u0160imovi\u0107<\/title>\n<meta name=\"robots\" content=\"index, follow, max-snippet:-1, max-image-preview:large, max-video-preview:-1\" \/>\n<link rel=\"canonical\" href=\"http:\/\/petraposedelsimovic.from.hr\/?page_id=163\" \/>\n<meta property=\"og:locale\" content=\"en_US\" \/>\n<meta property=\"og:type\" content=\"article\" \/>\n<meta property=\"og:title\" content=\"Media - Petra Posedel \u0160imovi\u0107\" \/>\n<meta property=\"og:description\" content=\"&nbsp; &nbsp; &nbsp; &nbsp; &nbsp; &nbsp; &nbsp; &nbsp; &nbsp; &nbsp; &nbsp; &nbsp; &nbsp; &nbsp; &nbsp; &nbsp; &nbsp; &nbsp; &nbsp; &nbsp; &nbsp; &nbsp; &nbsp; &nbsp; &nbsp; &nbsp; &nbsp; &nbsp; &nbsp; &nbsp; &nbsp; &nbsp; &nbsp; &nbsp; &nbsp; &nbsp; &nbsp; &nbsp; &nbsp; &nbsp; &nbsp; &nbsp; &nbsp; &nbsp;&nbsp; &nbsp; &nbsp; Television and Radio&nbsp; &nbsp; &nbsp; &nbsp; Kod nas doma [&hellip;]\" \/>\n<meta property=\"og:url\" content=\"http:\/\/petraposedelsimovic.from.hr\/?page_id=163\" \/>\n<meta property=\"og:site_name\" content=\"Petra Posedel \u0160imovi\u0107\" \/>\n<meta property=\"article:modified_time\" content=\"2024-06-17T11:40:45+00:00\" \/>\n<meta property=\"og:image\" content=\"http:\/\/from.hr\/petraposedelsimovic\/files\/2020\/02\/P_i_D_studio_2020-1-e1582719075103.jpg\" \/>\n\t<meta property=\"og:image:width\" content=\"1018\" \/>\n\t<meta property=\"og:image:height\" content=\"465\" \/>\n<meta name=\"twitter:card\" content=\"summary\" \/>\n<meta name=\"twitter:label1\" content=\"Est. reading time\" \/>\n\t<meta name=\"twitter:data1\" content=\"1 minute\" \/>\n<script type=\"application\/ld+json\" class=\"yoast-schema-graph\">{\"@context\":\"https:\/\/schema.org\",\"@graph\":[{\"@type\":\"WebSite\",\"@id\":\"http:\/\/petraposedelsimovic.from.hr\/#website\",\"url\":\"http:\/\/petraposedelsimovic.from.hr\/\",\"name\":\"Petra Posedel \\u0160imovi\\u0107\",\"description\":\"\",\"potentialAction\":[{\"@type\":\"SearchAction\",\"target\":{\"@type\":\"EntryPoint\",\"urlTemplate\":\"http:\/\/petraposedelsimovic.from.hr\/?s={search_term_string}\"},\"query-input\":\"required name=search_term_string\"}],\"inLanguage\":\"en-US\"},{\"@type\":\"ImageObject\",\"@id\":\"http:\/\/petraposedelsimovic.from.hr\/?page_id=163#primaryimage\",\"inLanguage\":\"en-US\",\"url\":\"http:\/\/from.hr\/petraposedelsimovic\/files\/2020\/02\/P_i_D_studio_2020-1-e1582719075103.jpg\",\"contentUrl\":\"http:\/\/from.hr\/petraposedelsimovic\/files\/2020\/02\/P_i_D_studio_2020-1-e1582719075103.jpg\",\"width\":1018,\"height\":465},{\"@type\":\"WebPage\",\"@id\":\"http:\/\/petraposedelsimovic.from.hr\/?page_id=163#webpage\",\"url\":\"http:\/\/petraposedelsimovic.from.hr\/?page_id=163\",\"name\":\"Media - Petra Posedel \\u0160imovi\\u0107\",\"isPartOf\":{\"@id\":\"http:\/\/petraposedelsimovic.from.hr\/#website\"},\"primaryImageOfPage\":{\"@id\":\"http:\/\/petraposedelsimovic.from.hr\/?page_id=163#primaryimage\"},\"datePublished\":\"2020-02-24T12:12:51+00:00\",\"dateModified\":\"2024-06-17T11:40:45+00:00\",\"breadcrumb\":{\"@id\":\"http:\/\/petraposedelsimovic.from.hr\/?page_id=163#breadcrumb\"},\"inLanguage\":\"en-US\",\"potentialAction\":[{\"@type\":\"ReadAction\",\"target\":[\"http:\/\/petraposedelsimovic.from.hr\/?page_id=163\"]}]},{\"@type\":\"BreadcrumbList\",\"@id\":\"http:\/\/petraposedelsimovic.from.hr\/?page_id=163#breadcrumb\",\"itemListElement\":[{\"@type\":\"ListItem\",\"position\":1,\"name\":\"Home\",\"item\":\"http:\/\/petraposedelsimovic.from.hr\/\"},{\"@type\":\"ListItem\",\"position\":2,\"name\":\"Media\"}]}]}<\/script>\n<!-- \/ Yoast SEO plugin. -->","yoast_head_json":{"title":"Media - Petra Posedel \u0160imovi\u0107","robots":{"index":"index","follow":"follow","max-snippet":"max-snippet:-1","max-image-preview":"max-image-preview:large","max-video-preview":"max-video-preview:-1"},"canonical":"http:\/\/petraposedelsimovic.from.hr\/?page_id=163","og_locale":"en_US","og_type":"article","og_title":"Media - Petra Posedel \u0160imovi\u0107","og_description":"&nbsp; &nbsp; &nbsp; &nbsp; &nbsp; &nbsp; &nbsp; &nbsp; &nbsp; &nbsp; &nbsp; &nbsp; &nbsp; &nbsp; &nbsp; &nbsp; &nbsp; &nbsp; &nbsp; &nbsp; &nbsp; &nbsp; &nbsp; &nbsp; &nbsp; &nbsp; &nbsp; &nbsp; &nbsp; &nbsp; &nbsp; &nbsp; &nbsp; &nbsp; &nbsp; &nbsp; &nbsp; &nbsp; &nbsp; &nbsp; &nbsp; &nbsp; &nbsp; &nbsp;&nbsp; &nbsp; &nbsp; Television and Radio&nbsp; &nbsp; &nbsp; &nbsp; Kod nas doma [&hellip;]","og_url":"http:\/\/petraposedelsimovic.from.hr\/?page_id=163","og_site_name":"Petra Posedel \u0160imovi\u0107","article_modified_time":"2024-06-17T11:40:45+00:00","og_image":[{"width":1018,"height":465,"url":"http:\/\/from.hr\/petraposedelsimovic\/files\/2020\/02\/P_i_D_studio_2020-1-e1582719075103.jpg","type":"image\/jpeg"}],"twitter_card":"summary","twitter_misc":{"Est. reading time":"1 minute"},"schema":{"@context":"https:\/\/schema.org","@graph":[{"@type":"WebSite","@id":"http:\/\/petraposedelsimovic.from.hr\/#website","url":"http:\/\/petraposedelsimovic.from.hr\/","name":"Petra Posedel \u0160imovi\u0107","description":"","potentialAction":[{"@type":"SearchAction","target":{"@type":"EntryPoint","urlTemplate":"http:\/\/petraposedelsimovic.from.hr\/?s={search_term_string}"},"query-input":"required name=search_term_string"}],"inLanguage":"en-US"},{"@type":"ImageObject","@id":"http:\/\/petraposedelsimovic.from.hr\/?page_id=163#primaryimage","inLanguage":"en-US","url":"http:\/\/from.hr\/petraposedelsimovic\/files\/2020\/02\/P_i_D_studio_2020-1-e1582719075103.jpg","contentUrl":"http:\/\/from.hr\/petraposedelsimovic\/files\/2020\/02\/P_i_D_studio_2020-1-e1582719075103.jpg","width":1018,"height":465},{"@type":"WebPage","@id":"http:\/\/petraposedelsimovic.from.hr\/?page_id=163#webpage","url":"http:\/\/petraposedelsimovic.from.hr\/?page_id=163","name":"Media - Petra Posedel \u0160imovi\u0107","isPartOf":{"@id":"http:\/\/petraposedelsimovic.from.hr\/#website"},"primaryImageOfPage":{"@id":"http:\/\/petraposedelsimovic.from.hr\/?page_id=163#primaryimage"},"datePublished":"2020-02-24T12:12:51+00:00","dateModified":"2024-06-17T11:40:45+00:00","breadcrumb":{"@id":"http:\/\/petraposedelsimovic.from.hr\/?page_id=163#breadcrumb"},"inLanguage":"en-US","potentialAction":[{"@type":"ReadAction","target":["http:\/\/petraposedelsimovic.from.hr\/?page_id=163"]}]},{"@type":"BreadcrumbList","@id":"http:\/\/petraposedelsimovic.from.hr\/?page_id=163#breadcrumb","itemListElement":[{"@type":"ListItem","position":1,"name":"Home","item":"http:\/\/petraposedelsimovic.from.hr\/"},{"@type":"ListItem","position":2,"name":"Media"}]}]}},"_links":{"self":[{"href":"http:\/\/petraposedelsimovic.from.hr\/index.php?rest_route=\/wp\/v2\/pages\/163"}],"collection":[{"href":"http:\/\/petraposedelsimovic.from.hr\/index.php?rest_route=\/wp\/v2\/pages"}],"about":[{"href":"http:\/\/petraposedelsimovic.from.hr\/index.php?rest_route=\/wp\/v2\/types\/page"}],"author":[{"embeddable":true,"href":"http:\/\/petraposedelsimovic.from.hr\/index.php?rest_route=\/wp\/v2\/users\/3331"}],"replies":[{"embeddable":true,"href":"http:\/\/petraposedelsimovic.from.hr\/index.php?rest_route=%2Fwp%2Fv2%2Fcomments&post=163"}],"version-history":[{"count":35,"href":"http:\/\/petraposedelsimovic.from.hr\/index.php?rest_route=\/wp\/v2\/pages\/163\/revisions"}],"predecessor-version":[{"id":266,"href":"http:\/\/petraposedelsimovic.from.hr\/index.php?rest_route=\/wp\/v2\/pages\/163\/revisions\/266"}],"wp:featuredmedia":[{"embeddable":true,"href":"http:\/\/petraposedelsimovic.from.hr\/index.php?rest_route=\/wp\/v2\/media\/192"}],"wp:attachment":[{"href":"http:\/\/petraposedelsimovic.from.hr\/index.php?rest_route=%2Fwp%2Fv2%2Fmedia&parent=163"}],"curies":[{"name":"wp","href":"https:\/\/api.w.org\/{rel}","templated":true}]}}