{"id":136,"date":"2019-12-17T13:55:14","date_gmt":"2019-12-17T12:55:14","guid":{"rendered":"http:\/\/from.hr\/petraposedelsimovic\/?page_id=136"},"modified":"2020-02-24T14:21:04","modified_gmt":"2020-02-24T13:21:04","slug":"researchprofessional-projects","status":"publish","type":"page","link":"http:\/\/petraposedelsimovic.from.hr\/?page_id=136","title":{"rendered":"Projects"},"content":{"rendered":"<p><strong>Present Research Projects:<\/strong><\/p>\n<ul>\n<li>\n<h6>Croatian Science Foundation&#8217;s Research Project&nbsp;<a href=\"http:\/\/www.hrzz.hr\/default.aspx?id=78&amp;pid=9031&amp;rok=2019-04\"><strong>Algoritmi dubokog podr\u017eanog u\u010denja za upravljanje rizicima<\/strong>&nbsp;<strong>&nbsp;&#8211; DREAM<\/strong><\/a>, started February 1, 2020 &#8211; , research collaborator<\/h6>\n<\/li>\n<\/ul>\n<p>&nbsp;<\/p>\n<p><strong>Past Research Projects:<\/strong><\/p>\n<ul>\n<li>\n<h6>Croatian Science Foundation&#8217;s Installation Research Projects Programme,&nbsp; &nbsp;<a href=\"https:\/\/www.eizg.hr\/projects\/past-projects\/economic-statistical-and-political-aspects-of-sovereign-bond-markets-sobom-csf\/698\">Economic, statistical and political aspects of sovereign bond markets \u2013 SOBOM<\/a>,&nbsp;September 1, 2014 &#8211; August 31, 2017, research collaborator<\/h6>\n<\/li>\n<li>\n<h6><a href=\"https:\/\/www.eizg.hr\/projects\/past-projects\/determinants-of-house-prices-in-transition-economies\/1704\">Determinants of house prices in transition economies<\/a> GDN RRC9 \/ CERGE-EI, 2009-2010, research collaborator<\/h6>\n<\/li>\n<li><a href=\"https:\/\/people.math.ethz.ch\/~jteichma\/index.php?content=start\">START prize Y328-project &#8220;Geometry of Stochastic Differential Equations&#8221;<\/a>, Austrian Science Foundation (FWF), PostDoc researcher, TU Wien, Research Unit of Financial and Actuarial Mathematics (FAM) 2008<\/li>\n<li><a href=\"http:\/\/reinhold.kainhofer.com\/about-me.html\">Robust Calibration of Jump-Type Asset Price Models,<\/a>&nbsp;Research Grant P18022 of the Austrian Science Found (FWF),&nbsp;PostDoc researcher, TU Wien,&nbsp;Research Unit of Financial and Actuarial Mathematics (FAM) 2008<\/li>\n<li>\n<h6>Modeli i metode operacijskih istra\u017eivanja u ekonomici i poslovnom odlu\u010divanju, 067-0000000-1076,&nbsp; Ekonomski fakultet Zagreb, znanstveni novak,&nbsp;2005.-2011.<\/h6>\n<\/li>\n<\/ul>\n<p>&nbsp;<\/p>\n<ul>\n<li><strong>Professional:<\/strong>\n<ul>\n<li>Projekt <a href=\"https:\/\/www.dzs.hr\/\">Dr\u017eavnog zavoda za Statistiku Republike Hrvatske<\/a> u okviru&nbsp;statisti\u010dkog istra\u017eiva\u010dkog projekta &#8220;Tromjese\u010dni nacionalni ra\u010duni&#8221;, 2014&nbsp;<\/li>\n<\/ul>\n<\/li>\n<\/ul>\n<p>&nbsp;<\/p>\n","protected":false},"excerpt":{"rendered":"<p>Present Research Projects: Croatian Science Foundation&#8217;s Research Project&nbsp;Algoritmi dubokog podr\u017eanog u\u010denja za upravljanje rizicima&nbsp;&nbsp;&#8211; DREAM, started February 1, 2020 &#8211; , research collaborator &nbsp; Past Research Projects: Croatian Science Foundation&#8217;s Installation Research Projects Programme,&nbsp; &nbsp;Economic, statistical and political aspects of sovereign bond markets \u2013 SOBOM,&nbsp;September 1, 2014 &#8211; August 31, 2017, research collaborator Determinants of [&hellip;]<\/p>\n","protected":false},"author":3331,"featured_media":155,"parent":0,"menu_order":0,"comment_status":"closed","ping_status":"closed","template":"","meta":{"ngg_post_thumbnail":0},"yoast_head":"<!-- This site is optimized with the Yoast SEO plugin v17.5 - https:\/\/yoast.com\/wordpress\/plugins\/seo\/ -->\n<title>Projects - Petra Posedel \u0160imovi\u0107<\/title>\n<meta name=\"robots\" content=\"index, follow, max-snippet:-1, max-image-preview:large, max-video-preview:-1\" \/>\n<link rel=\"canonical\" href=\"http:\/\/petraposedelsimovic.from.hr\/?page_id=136\" \/>\n<meta property=\"og:locale\" content=\"en_US\" \/>\n<meta property=\"og:type\" content=\"article\" \/>\n<meta property=\"og:title\" content=\"Projects - Petra Posedel \u0160imovi\u0107\" \/>\n<meta property=\"og:description\" content=\"Present Research Projects: Croatian Science Foundation&#8217;s Research Project&nbsp;Algoritmi dubokog podr\u017eanog u\u010denja za upravljanje rizicima&nbsp;&nbsp;&#8211; DREAM, started February 1, 2020 &#8211; , research collaborator &nbsp; Past Research Projects: Croatian Science Foundation&#8217;s Installation Research Projects Programme,&nbsp; &nbsp;Economic, statistical and political aspects of sovereign bond markets \u2013 SOBOM,&nbsp;September 1, 2014 &#8211; August 31, 2017, research collaborator Determinants of [&hellip;]\" \/>\n<meta property=\"og:url\" content=\"http:\/\/petraposedelsimovic.from.hr\/?page_id=136\" \/>\n<meta property=\"og:site_name\" content=\"Petra Posedel \u0160imovi\u0107\" \/>\n<meta property=\"article:modified_time\" content=\"2020-02-24T13:21:04+00:00\" \/>\n<meta property=\"og:image\" content=\"http:\/\/from.hr\/petraposedelsimovic\/files\/2019\/12\/ormanopen-e1578991881193.jpg\" \/>\n\t<meta property=\"og:image:width\" content=\"250\" \/>\n\t<meta property=\"og:image:height\" content=\"250\" \/>\n<meta name=\"twitter:card\" content=\"summary\" \/>\n<meta name=\"twitter:label1\" content=\"Est. reading time\" \/>\n\t<meta name=\"twitter:data1\" content=\"1 minute\" \/>\n<script type=\"application\/ld+json\" class=\"yoast-schema-graph\">{\"@context\":\"https:\/\/schema.org\",\"@graph\":[{\"@type\":\"WebSite\",\"@id\":\"http:\/\/petraposedelsimovic.from.hr\/#website\",\"url\":\"http:\/\/petraposedelsimovic.from.hr\/\",\"name\":\"Petra Posedel \\u0160imovi\\u0107\",\"description\":\"\",\"potentialAction\":[{\"@type\":\"SearchAction\",\"target\":{\"@type\":\"EntryPoint\",\"urlTemplate\":\"http:\/\/petraposedelsimovic.from.hr\/?s={search_term_string}\"},\"query-input\":\"required name=search_term_string\"}],\"inLanguage\":\"en-US\"},{\"@type\":\"ImageObject\",\"@id\":\"http:\/\/petraposedelsimovic.from.hr\/?page_id=136#primaryimage\",\"inLanguage\":\"en-US\",\"url\":\"http:\/\/from.hr\/petraposedelsimovic\/files\/2019\/12\/ormanopen-e1578991881193.jpg\",\"contentUrl\":\"http:\/\/from.hr\/petraposedelsimovic\/files\/2019\/12\/ormanopen-e1578991881193.jpg\",\"width\":250,\"height\":250},{\"@type\":\"WebPage\",\"@id\":\"http:\/\/petraposedelsimovic.from.hr\/?page_id=136#webpage\",\"url\":\"http:\/\/petraposedelsimovic.from.hr\/?page_id=136\",\"name\":\"Projects - Petra Posedel \\u0160imovi\\u0107\",\"isPartOf\":{\"@id\":\"http:\/\/petraposedelsimovic.from.hr\/#website\"},\"primaryImageOfPage\":{\"@id\":\"http:\/\/petraposedelsimovic.from.hr\/?page_id=136#primaryimage\"},\"datePublished\":\"2019-12-17T12:55:14+00:00\",\"dateModified\":\"2020-02-24T13:21:04+00:00\",\"breadcrumb\":{\"@id\":\"http:\/\/petraposedelsimovic.from.hr\/?page_id=136#breadcrumb\"},\"inLanguage\":\"en-US\",\"potentialAction\":[{\"@type\":\"ReadAction\",\"target\":[\"http:\/\/petraposedelsimovic.from.hr\/?page_id=136\"]}]},{\"@type\":\"BreadcrumbList\",\"@id\":\"http:\/\/petraposedelsimovic.from.hr\/?page_id=136#breadcrumb\",\"itemListElement\":[{\"@type\":\"ListItem\",\"position\":1,\"name\":\"Home\",\"item\":\"http:\/\/petraposedelsimovic.from.hr\/\"},{\"@type\":\"ListItem\",\"position\":2,\"name\":\"Projects\"}]}]}<\/script>\n<!-- \/ Yoast SEO plugin. -->","yoast_head_json":{"title":"Projects - Petra Posedel \u0160imovi\u0107","robots":{"index":"index","follow":"follow","max-snippet":"max-snippet:-1","max-image-preview":"max-image-preview:large","max-video-preview":"max-video-preview:-1"},"canonical":"http:\/\/petraposedelsimovic.from.hr\/?page_id=136","og_locale":"en_US","og_type":"article","og_title":"Projects - Petra Posedel \u0160imovi\u0107","og_description":"Present Research Projects: Croatian Science Foundation&#8217;s Research Project&nbsp;Algoritmi dubokog podr\u017eanog u\u010denja za upravljanje rizicima&nbsp;&nbsp;&#8211; DREAM, started February 1, 2020 &#8211; , research collaborator &nbsp; Past Research Projects: Croatian Science Foundation&#8217;s Installation Research Projects Programme,&nbsp; &nbsp;Economic, statistical and political aspects of sovereign bond markets \u2013 SOBOM,&nbsp;September 1, 2014 &#8211; August 31, 2017, research collaborator Determinants of [&hellip;]","og_url":"http:\/\/petraposedelsimovic.from.hr\/?page_id=136","og_site_name":"Petra Posedel \u0160imovi\u0107","article_modified_time":"2020-02-24T13:21:04+00:00","og_image":[{"width":250,"height":250,"url":"http:\/\/from.hr\/petraposedelsimovic\/files\/2019\/12\/ormanopen-e1578991881193.jpg","type":"image\/jpeg"}],"twitter_card":"summary","twitter_misc":{"Est. reading time":"1 minute"},"schema":{"@context":"https:\/\/schema.org","@graph":[{"@type":"WebSite","@id":"http:\/\/petraposedelsimovic.from.hr\/#website","url":"http:\/\/petraposedelsimovic.from.hr\/","name":"Petra Posedel \u0160imovi\u0107","description":"","potentialAction":[{"@type":"SearchAction","target":{"@type":"EntryPoint","urlTemplate":"http:\/\/petraposedelsimovic.from.hr\/?s={search_term_string}"},"query-input":"required name=search_term_string"}],"inLanguage":"en-US"},{"@type":"ImageObject","@id":"http:\/\/petraposedelsimovic.from.hr\/?page_id=136#primaryimage","inLanguage":"en-US","url":"http:\/\/from.hr\/petraposedelsimovic\/files\/2019\/12\/ormanopen-e1578991881193.jpg","contentUrl":"http:\/\/from.hr\/petraposedelsimovic\/files\/2019\/12\/ormanopen-e1578991881193.jpg","width":250,"height":250},{"@type":"WebPage","@id":"http:\/\/petraposedelsimovic.from.hr\/?page_id=136#webpage","url":"http:\/\/petraposedelsimovic.from.hr\/?page_id=136","name":"Projects - Petra Posedel \u0160imovi\u0107","isPartOf":{"@id":"http:\/\/petraposedelsimovic.from.hr\/#website"},"primaryImageOfPage":{"@id":"http:\/\/petraposedelsimovic.from.hr\/?page_id=136#primaryimage"},"datePublished":"2019-12-17T12:55:14+00:00","dateModified":"2020-02-24T13:21:04+00:00","breadcrumb":{"@id":"http:\/\/petraposedelsimovic.from.hr\/?page_id=136#breadcrumb"},"inLanguage":"en-US","potentialAction":[{"@type":"ReadAction","target":["http:\/\/petraposedelsimovic.from.hr\/?page_id=136"]}]},{"@type":"BreadcrumbList","@id":"http:\/\/petraposedelsimovic.from.hr\/?page_id=136#breadcrumb","itemListElement":[{"@type":"ListItem","position":1,"name":"Home","item":"http:\/\/petraposedelsimovic.from.hr\/"},{"@type":"ListItem","position":2,"name":"Projects"}]}]}},"_links":{"self":[{"href":"http:\/\/petraposedelsimovic.from.hr\/index.php?rest_route=\/wp\/v2\/pages\/136"}],"collection":[{"href":"http:\/\/petraposedelsimovic.from.hr\/index.php?rest_route=\/wp\/v2\/pages"}],"about":[{"href":"http:\/\/petraposedelsimovic.from.hr\/index.php?rest_route=\/wp\/v2\/types\/page"}],"author":[{"embeddable":true,"href":"http:\/\/petraposedelsimovic.from.hr\/index.php?rest_route=\/wp\/v2\/users\/3331"}],"replies":[{"embeddable":true,"href":"http:\/\/petraposedelsimovic.from.hr\/index.php?rest_route=%2Fwp%2Fv2%2Fcomments&post=136"}],"version-history":[{"count":7,"href":"http:\/\/petraposedelsimovic.from.hr\/index.php?rest_route=\/wp\/v2\/pages\/136\/revisions"}],"predecessor-version":[{"id":175,"href":"http:\/\/petraposedelsimovic.from.hr\/index.php?rest_route=\/wp\/v2\/pages\/136\/revisions\/175"}],"wp:featuredmedia":[{"embeddable":true,"href":"http:\/\/petraposedelsimovic.from.hr\/index.php?rest_route=\/wp\/v2\/media\/155"}],"wp:attachment":[{"href":"http:\/\/petraposedelsimovic.from.hr\/index.php?rest_route=%2Fwp%2Fv2%2Fmedia&parent=136"}],"curies":[{"name":"wp","href":"https:\/\/api.w.org\/{rel}","templated":true}]}}