{"id":112,"date":"2019-12-03T14:39:03","date_gmt":"2019-12-03T13:39:03","guid":{"rendered":"http:\/\/from.hr\/petraposedelsimovic\/?page_id=112"},"modified":"2023-05-15T13:20:59","modified_gmt":"2023-05-15T11:20:59","slug":"petra-posedel-simovic","status":"publish","type":"page","link":"http:\/\/petraposedelsimovic.from.hr\/","title":{"rendered":"Petra Posedel \u0160imovi\u0107"},"content":{"rendered":"<p><span style=\"color: #008000\"><strong>Welcome to my personal webpage.<\/strong><\/span><\/p>\n<p><span style=\"color: #008000\"><strong><br \/>\nBusiness direct and for inquiries <a style=\"color: #008000\" href=\"mailto:petra.posedel@gmail.com\">petra.posedel@finquant.hr<\/a><\/strong><\/span><\/p>\n<p>&nbsp;<\/p>\n<p><a href=\"http:\/\/petraposedelsimovic.from.hr\/?page_id=109\"><strong>University contact<\/strong><\/a><\/p>\n<p>&nbsp;<\/p>\n","protected":false},"excerpt":{"rendered":"<p>Welcome to my personal webpage. Business direct and for inquiries petra.posedel@finquant.hr &nbsp; University contact &nbsp;<\/p>\n","protected":false},"author":3331,"featured_media":0,"parent":0,"menu_order":0,"comment_status":"closed","ping_status":"closed","template":"","meta":{"ngg_post_thumbnail":0},"yoast_head":"<!-- This site is optimized with the Yoast SEO plugin v17.5 - https:\/\/yoast.com\/wordpress\/plugins\/seo\/ -->\n<title>Petra Posedel \u0160imovi\u0107 - Petra Posedel \u0160imovi\u0107<\/title>\n<meta name=\"robots\" content=\"index, follow, max-snippet:-1, max-image-preview:large, max-video-preview:-1\" \/>\n<link rel=\"canonical\" href=\"http:\/\/petraposedelsimovic.from.hr\/\" \/>\n<meta property=\"og:locale\" content=\"en_US\" \/>\n<meta property=\"og:type\" content=\"article\" \/>\n<meta property=\"og:title\" content=\"Petra Posedel \u0160imovi\u0107 - Petra Posedel \u0160imovi\u0107\" \/>\n<meta property=\"og:description\" content=\"Welcome to my personal webpage. Business direct and for inquiries petra.posedel@finquant.hr &nbsp; University contact &nbsp;\" \/>\n<meta property=\"og:url\" content=\"http:\/\/petraposedelsimovic.from.hr\/\" \/>\n<meta property=\"og:site_name\" content=\"Petra Posedel \u0160imovi\u0107\" \/>\n<meta property=\"article:modified_time\" content=\"2023-05-15T11:20:59+00:00\" \/>\n<meta name=\"twitter:card\" content=\"summary\" \/>\n<script type=\"application\/ld+json\" class=\"yoast-schema-graph\">{\"@context\":\"https:\/\/schema.org\",\"@graph\":[{\"@type\":\"WebSite\",\"@id\":\"http:\/\/petraposedelsimovic.from.hr\/#website\",\"url\":\"http:\/\/petraposedelsimovic.from.hr\/\",\"name\":\"Petra Posedel \\u0160imovi\\u0107\",\"description\":\"\",\"potentialAction\":[{\"@type\":\"SearchAction\",\"target\":{\"@type\":\"EntryPoint\",\"urlTemplate\":\"http:\/\/petraposedelsimovic.from.hr\/?s={search_term_string}\"},\"query-input\":\"required name=search_term_string\"}],\"inLanguage\":\"en-US\"},{\"@type\":\"WebPage\",\"@id\":\"http:\/\/petraposedelsimovic.from.hr\/#webpage\",\"url\":\"http:\/\/petraposedelsimovic.from.hr\/\",\"name\":\"Petra Posedel \\u0160imovi\\u0107 - Petra Posedel \\u0160imovi\\u0107\",\"isPartOf\":{\"@id\":\"http:\/\/petraposedelsimovic.from.hr\/#website\"},\"datePublished\":\"2019-12-03T13:39:03+00:00\",\"dateModified\":\"2023-05-15T11:20:59+00:00\",\"breadcrumb\":{\"@id\":\"http:\/\/petraposedelsimovic.from.hr\/#breadcrumb\"},\"inLanguage\":\"en-US\",\"potentialAction\":[{\"@type\":\"ReadAction\",\"target\":[\"http:\/\/petraposedelsimovic.from.hr\/\"]}]},{\"@type\":\"BreadcrumbList\",\"@id\":\"http:\/\/petraposedelsimovic.from.hr\/#breadcrumb\",\"itemListElement\":[{\"@type\":\"ListItem\",\"position\":1,\"name\":\"Home\",\"item\":\"http:\/\/petraposedelsimovic.from.hr\/\"},{\"@type\":\"ListItem\",\"position\":2,\"name\":\"Petra Posedel \\u0160imovi\\u0107\"}]}]}<\/script>\n<!-- \/ Yoast SEO plugin. -->","yoast_head_json":{"title":"Petra Posedel \u0160imovi\u0107 - Petra Posedel \u0160imovi\u0107","robots":{"index":"index","follow":"follow","max-snippet":"max-snippet:-1","max-image-preview":"max-image-preview:large","max-video-preview":"max-video-preview:-1"},"canonical":"http:\/\/petraposedelsimovic.from.hr\/","og_locale":"en_US","og_type":"article","og_title":"Petra Posedel \u0160imovi\u0107 - Petra Posedel \u0160imovi\u0107","og_description":"Welcome to my personal webpage. Business direct and for inquiries petra.posedel@finquant.hr &nbsp; University contact &nbsp;","og_url":"http:\/\/petraposedelsimovic.from.hr\/","og_site_name":"Petra Posedel \u0160imovi\u0107","article_modified_time":"2023-05-15T11:20:59+00:00","twitter_card":"summary","schema":{"@context":"https:\/\/schema.org","@graph":[{"@type":"WebSite","@id":"http:\/\/petraposedelsimovic.from.hr\/#website","url":"http:\/\/petraposedelsimovic.from.hr\/","name":"Petra Posedel \u0160imovi\u0107","description":"","potentialAction":[{"@type":"SearchAction","target":{"@type":"EntryPoint","urlTemplate":"http:\/\/petraposedelsimovic.from.hr\/?s={search_term_string}"},"query-input":"required name=search_term_string"}],"inLanguage":"en-US"},{"@type":"WebPage","@id":"http:\/\/petraposedelsimovic.from.hr\/#webpage","url":"http:\/\/petraposedelsimovic.from.hr\/","name":"Petra Posedel \u0160imovi\u0107 - Petra Posedel \u0160imovi\u0107","isPartOf":{"@id":"http:\/\/petraposedelsimovic.from.hr\/#website"},"datePublished":"2019-12-03T13:39:03+00:00","dateModified":"2023-05-15T11:20:59+00:00","breadcrumb":{"@id":"http:\/\/petraposedelsimovic.from.hr\/#breadcrumb"},"inLanguage":"en-US","potentialAction":[{"@type":"ReadAction","target":["http:\/\/petraposedelsimovic.from.hr\/"]}]},{"@type":"BreadcrumbList","@id":"http:\/\/petraposedelsimovic.from.hr\/#breadcrumb","itemListElement":[{"@type":"ListItem","position":1,"name":"Home","item":"http:\/\/petraposedelsimovic.from.hr\/"},{"@type":"ListItem","position":2,"name":"Petra Posedel \u0160imovi\u0107"}]}]}},"_links":{"self":[{"href":"http:\/\/petraposedelsimovic.from.hr\/index.php?rest_route=\/wp\/v2\/pages\/112"}],"collection":[{"href":"http:\/\/petraposedelsimovic.from.hr\/index.php?rest_route=\/wp\/v2\/pages"}],"about":[{"href":"http:\/\/petraposedelsimovic.from.hr\/index.php?rest_route=\/wp\/v2\/types\/page"}],"author":[{"embeddable":true,"href":"http:\/\/petraposedelsimovic.from.hr\/index.php?rest_route=\/wp\/v2\/users\/3331"}],"replies":[{"embeddable":true,"href":"http:\/\/petraposedelsimovic.from.hr\/index.php?rest_route=%2Fwp%2Fv2%2Fcomments&post=112"}],"version-history":[{"count":16,"href":"http:\/\/petraposedelsimovic.from.hr\/index.php?rest_route=\/wp\/v2\/pages\/112\/revisions"}],"predecessor-version":[{"id":262,"href":"http:\/\/petraposedelsimovic.from.hr\/index.php?rest_route=\/wp\/v2\/pages\/112\/revisions\/262"}],"wp:attachment":[{"href":"http:\/\/petraposedelsimovic.from.hr\/index.php?rest_route=%2Fwp%2Fv2%2Fmedia&parent=112"}],"curies":[{"name":"wp","href":"https:\/\/api.w.org\/{rel}","templated":true}]}}